{"id":3,"date":"2018-12-12T14:01:42","date_gmt":"2018-12-12T14:01:42","guid":{"rendered":"http:\/\/www.campingalvor.com\/?page_id=3"},"modified":"2026-01-28T11:12:48","modified_gmt":"2026-01-28T11:12:48","slug":"privacy-policy","status":"publish","type":"page","link":"https:\/\/www.campingalvor.com\/en\/privacy-policy\/","title":{"rendered":"Privacy Policy"},"content":{"rendered":"\n<p>Em conformidade com o Regulamento (EU) 2016\/679 que regulamenta o direito \u00e0 informa\u00e7\u00e3o na recolha de dados,<br>alerta para o seguinte:<br>Seara Imaculada, Lda. com sede no Parque de Campismo de Alvor, Rua Serpa Pinto 8500 &#8211; 087 Alvor, com o email info@campingalvor.com, \u00e9 a Respons\u00e1vel pelo tratamento dos seus dados pessoais.<br>Os dados pessoais recolhidos destinam &#8211; se \u00e0 gest\u00e3o de reservas efetuadas no Camping Alvor,assim como se destinam \u00e0 gest\u00e3o da rela\u00e7\u00e3o contratual e \u00e0 presta\u00e7\u00e3o de servi\u00e7os contratados . As sim, qualquer subcontratado,<br>tratar\u00e1 os dados pessoais dos Utilizadores, em nome e por conta do Camping Alvor, cumprindo rigorosamente as normas legais sobre prote\u00e7\u00e3o de dados pessoais, seguran\u00e7a da informa\u00e7\u00e3o e demais normas aplic\u00e1veis.<br>Os dados que constam no registo de cliente que estejam identificados com um asterisco (*), ser\u00e3o de preenchimento obrigat\u00f3rio para cumprir a finalidade estabelecida. Como tal, se o utilizador n\u00e3o facultar os<br>mesmos, o Camping Alvor n\u00e3o poder\u00e1 atender ao pedido deste. Todos os clientes tem o direito de aceder aos seus dados, remover consentimento, alterar, atualizar, limitar ou mesmo apagar. Dever\u00e1 ser solicitado por escrito ao respons\u00e1vel pelo tratamento fazendo prova da sua identifica\u00e7\u00e3o, dentro dos limites do contratualizados e do Regulamento atrav\u00e9s do e &#8211; mail info@campingalvor.com ou da morada Camping Alvor, Rua Serpa Pinto 8500 &#8211; 087 Alvor.<br>A empresa Seara Imaculada, Lda. apenas transfere ou comunica os seus dados a autoridade judiciais, fiscais ou regulat\u00f3rios, com a finalidade de imposi\u00e7\u00f5es legais.<br>Ocasionalmente, o Camping Alvor atualizar\u00e1 esta Pol\u00edtica de Privacidade. Solicitamos &#8211; lhe que reveja periodicamente este documento para se manter atualizado.<\/p>\n","protected":false},"excerpt":{"rendered":"<p>Em conformidade com o Regulamento (EU) 2016\/679 que regulamenta o direito \u00e0 informa\u00e7\u00e3o na recolha de dados,alerta para o seguinte:Seara Imaculada, Lda. com sede no Parque de Campismo de Alvor, Rua Serpa Pinto 8500 &#8211; 087 Alvor, com o email info@campingalvor.com, \u00e9 a Respons\u00e1vel pelo tratamento dos seus dados pessoais.Os dados pessoais recolhidos destinam &#8211; [&hellip;]<\/p>\n","protected":false},"author":3,"featured_media":0,"parent":0,"menu_order":0,"comment_status":"closed","ping_status":"open","template":"","meta":{"footnotes":""},"_links":{"self":[{"href":"https:\/\/www.campingalvor.com\/en\/wp-json\/wp\/v2\/pages\/3\/"}],"collection":[{"href":"https:\/\/www.campingalvor.com\/en\/wp-json\/wp\/v2\/pages\/"}],"about":[{"href":"https:\/\/www.campingalvor.com\/en\/wp-json\/wp\/v2\/types\/page\/"}],"author":[{"embeddable":true,"href":"https:\/\/www.campingalvor.com\/en\/wp-json\/wp\/v2\/users\/3\/"}],"replies":[{"embeddable":true,"href":"https:\/\/www.campingalvor.com\/en\/wp-json\/wp\/v2\/comments\/?post=3"}],"version-history":[{"count":6,"href":"https:\/\/www.campingalvor.com\/en\/wp-json\/wp\/v2\/pages\/3\/revisions\/"}],"predecessor-version":[{"id":6425,"href":"https:\/\/www.campingalvor.com\/en\/wp-json\/wp\/v2\/pages\/3\/revisions\/6425\/"}],"wp:attachment":[{"href":"https:\/\/www.campingalvor.com\/en\/wp-json\/wp\/v2\/media\/?parent=3"}],"curies":[{"name":"wp","href":"https:\/\/api.w.org\/{rel}","templated":true}]}}